{"id":16679,"date":"2025-01-14T12:03:31","date_gmt":"2025-01-14T12:03:31","guid":{"rendered":"https:\/\/dummy.xtemos.com\/woodmart2\/marketplace2-elementor\/?page_id=33"},"modified":"2025-08-21T10:25:34","modified_gmt":"2025-08-21T07:25:34","slug":"track-you-order","status":"publish","type":"page","link":"https:\/\/www.beno.az\/ru\/track-you-order\/","title":{"rendered":"\u00c7atd\u0131r\u0131lma v\u0259 qaytarma"},"content":{"rendered":"<div data-elementor-type=\"wp-page\" data-elementor-id=\"16679\" class=\"elementor elementor-16679\">\n\t\t\t\t<div class=\"wd-negative-gap elementor-element elementor-element-d96f529 e-flex e-con-boxed e-con e-parent\" data-id=\"d96f529\" data-element_type=\"container\" data-e-type=\"container\">\n\t\t\t\t\t<div class=\"e-con-inner\">\n\t\t<div class=\"wd-sticky-container-lg elementor-element elementor-element-56812fb e-con-full wd-col-offcanvas-md-sm wd-col-offcanvas-sm e-flex wd-alignment-left e-con e-child\" data-id=\"56812fb\" data-element_type=\"container\" data-e-type=\"container\">\n\t\t\t\t<div class=\"elementor-element elementor-element-64e3cf4 elementor-widget elementor-widget-wd_mega_menu\" data-id=\"64e3cf4\" data-element_type=\"widget\" data-e-type=\"widget\" data-widget_type=\"wd_mega_menu.default\">\n\t\t\t\t<div class=\"elementor-widget-container\">\n\t\t\t\t\t\t\t<div class=\"wd-menu widget_nav_mega_menu\">\n\t\t\t\t\t\t<ul id=\"menu-sidebar-menu-marketplace-2\" class=\"menu wd-nav wd-nav-vertical wd-design-simple wd-gap-l\"><li id=\"menu-item-16720\" class=\"menu-item menu-item-type-post_type menu-item-object-page menu-item-16720 item-level-0 menu-simple-dropdown wd-event-hover\" ><a href=\"https:\/\/www.beno.az\/ru\/track-you-order\/\" class=\"woodmart-nav-link\"><span class=\"nav-link-text\">\u00c7atd\u0131r\u0131lma v\u0259 qaytarma<\/span><\/a><\/li>\n<li id=\"menu-item-16719\" class=\"menu-item menu-item-type-post_type menu-item-object-page menu-item-16719 item-level-0 menu-simple-dropdown wd-event-hover\" ><a href=\"https:\/\/www.beno.az\/ru\/about-us-3\/\" class=\"woodmart-nav-link\"><span class=\"nav-link-text\">About Us<\/span><\/a><\/li>\n<li id=\"menu-item-16722\" class=\"menu-item menu-item-type-post_type menu-item-object-page menu-item-16722 item-level-0 menu-simple-dropdown wd-event-hover\" ><a href=\"https:\/\/www.beno.az\/ru\/faqs\/\" class=\"woodmart-nav-link\"><span class=\"nav-link-text\">M\u0259xvilik siyas\u0259ti<\/span><\/a><\/li>\n<li id=\"menu-item-16723\" class=\"menu-item menu-item-type-post_type menu-item-object-page menu-item-16723 item-level-0 menu-simple-dropdown wd-event-hover\" ><a href=\"https:\/\/www.beno.az\/ru\/our-partners\/\" class=\"woodmart-nav-link\"><span class=\"nav-link-text\">\u0130stifad\u0259 \u015fertleri<\/span><\/a><\/li>\n<li id=\"menu-item-16724\" class=\"menu-item menu-item-type-post_type menu-item-object-page menu-item-16724 item-level-0 menu-simple-dropdown wd-event-hover\" ><a href=\"https:\/\/www.beno.az\/ru\/work-with-us\/\" class=\"woodmart-nav-link\"><span class=\"nav-link-text\">Filiallar<\/span><\/a><\/li>\n<li id=\"menu-item-16721\" class=\"menu-item menu-item-type-post_type menu-item-object-page menu-item-16721 item-level-0 menu-simple-dropdown wd-event-hover\" ><a href=\"https:\/\/www.beno.az\/ru\/contact-us-3\/\" class=\"woodmart-nav-link\"><span class=\"nav-link-text\">\u018flaq\u0259<\/span><\/a><\/li>\n<\/ul>\t\t<\/div>\n\t\t\t\t\t\t<\/div>\n\t\t\t\t<\/div>\n\t\t\t\t<\/div>\n\t\t<div class=\"elementor-element elementor-element-227db15 e-con-full wd-col-content-md-sm wd-col-content-sm e-flex e-con e-child\" data-id=\"227db15\" data-element_type=\"container\" data-e-type=\"container\">\n\t\t\t\t<div class=\"elementor-element elementor-element-3ff5bd1 elementor-hidden-desktop wd-action-hide-btn elementor-widget elementor-widget-wd_builder_off_canvas_column_btn\" data-id=\"3ff5bd1\" data-element_type=\"widget\" data-e-type=\"widget\" data-widget_type=\"wd_builder_off_canvas_column_btn.default\">\n\t\t\t\t<div class=\"elementor-widget-container\">\n\t\t\t\t\t\n\t\t<div class=\"wd-off-canvas-btn wd-action-btn wd-style-text wd-burger-icon\">\n\t\t\t<a href=\"#\" rel=\"nofollow\">\n\t\t\t\t\t\t\t\tShow sidebar\t\t\t<\/a>\n\t\t<\/div>\n\n\t\t\t\t\t<div class=\"wd-sidebar-opener wd-show-on-scroll wd-action-btn wd-style-icon wd-burger-icon\">\n\t\t\t\t<a href=\"#\" rel=\"nofollow\">\n\t\t\t\t\t\t\t\t\t<\/a>\n\t\t\t<\/div>\n\t\t\t\t\t\t\t\t<\/div>\n\t\t\t\t<\/div>\n\t\t<div class=\"elementor-element elementor-element-bfdea65 e-con-full color-scheme-light e-flex e-con e-child\" data-id=\"bfdea65\" data-element_type=\"container\" data-e-type=\"container\" data-settings=\"{&quot;background_background&quot;:&quot;classic&quot;}\">\n\t\t<div class=\"elementor-element elementor-element-92463a3 e-con-full e-flex e-con e-child\" data-id=\"92463a3\" data-element_type=\"container\" data-e-type=\"container\">\n\t\t\t\t<div class=\"elementor-element elementor-element-8a2aaa0 wd-width-100 elementor-widget elementor-widget-wd_title\" data-id=\"8a2aaa0\" data-element_type=\"widget\" data-e-type=\"widget\" data-widget_type=\"wd_title.default\">\n\t\t\t\t<div class=\"elementor-widget-container\">\n\t\t\t\t\t\t\t<div class=\"title-wrapper wd-set-mb reset-last-child wd-title-color-default wd-title-style-default wd-title-size-default text-center\">\n\n\t\t\t\n\t\t\t<div class=\"liner-continer\">\n\t\t\t\t<h4 class=\"woodmart-title-container title wd-fontsize-l\">Catd\u0131r\u0131lma v\u0259 qaytarma<\/h4> \n\t\t\t\t\t\t\t<\/div>\n\n\t\t\t\t\t<\/div>\n\t\t\t\t\t\t<\/div>\n\t\t\t\t<\/div>\n\t\t\t\t<\/div>\n\t\t\t\t<\/div>\n\t\t\t\t<div class=\"elementor-element elementor-element-ff772da elementor-widget__width-initial wd-width-100 elementor-widget elementor-widget-wd_title\" data-id=\"ff772da\" data-element_type=\"widget\" data-e-type=\"widget\" data-widget_type=\"wd_title.default\">\n\t\t\t\t<div class=\"elementor-widget-container\">\n\t\t\t\t\t\t\t<div class=\"title-wrapper wd-set-mb reset-last-child wd-title-color-default wd-title-style-default wd-title-size-default text-left\">\n\n\t\t\t\n\t\t\t<div class=\"liner-continer\">\n\t\t\t\t<h4 class=\"woodmart-title-container title wd-fontsize-l\"><\/h4> \n\t\t\t\t\t\t\t<\/div>\n\n\t\t\t\t\t\t\t<div class=\"title-after_title reset-last-child wd-fontsize-xs\">\n\t\t\t\t\t<p><span style=\"font-weight: 400\">Catd\u0131r\u0131lma v\u0259 Qaytarma<\/span><\/p><p><span style=\"font-weight: 400\">100 AZN-d\u0259n\u00a0 yuxar\u0131 m\u0259hsula \u00e7atd\u0131r\u0131lma pulsuzdur. \u018flav\u0259 \u00f6d\u0259ni\u015f \u00fc\u00e7\u00fcn siz\u0259 uy\u011fun olan konkret \u00e7atd\u0131r\u0131lma tarixi v\u0259 vaxt\u0131n\u0131 se\u00e7in.<\/span><\/p><p><span style=\"font-weight: 400\">\u00c7atd\u0131r\u0131lma \u00fcsullar\u0131<\/span><\/p><h4><span style=\"font-weight: 400\">Kuryer il\u0259 planl\u0131 \u00e7atd\u0131r\u0131lma<\/span><\/h4><p><span style=\"font-weight: 400\">Pulsuz M\u0259bl\u0259\u011fi 100 \u20bc-d\u0259n yuxar\u0131 olan b\u00fct\u00fcn sifari\u015fl\u0259r \u00fc\u00e7\u00fcn.<\/span><\/p><ul><li><span style=\"font-weight: 400\">Uy\u011fun g\u00fcnd\u0259Sifari\u015fi yerl\u0259\u015fdir\u0259rk\u0259n, siz\u0259 uy\u011fun olan \u00e7atd\u0131r\u0131lma g\u00fcn\u00fcn\u00fc se\u00e7\u0259 bil\u0259rsiniz.<\/span><\/li><li><span style=\"font-weight: 400\">Uy\u011fun vaxtda\u00c7atd\u0131r\u0131lma saat 9:00-dan saat 21:00-d\u0259k h\u0259yata ke\u00e7irilir. \u018fm\u0259kda\u015flar\u0131m\u0131z uy\u011fun \u00e7atd\u0131r\u0131lma vaxt\u0131n\u0131 se\u00e7m\u0259k \u00fc\u00e7\u00fcn sizinl\u0259 \u0259laq\u0259 saxl\u0131yacaq.<\/span><\/li><\/ul><ul><li><span style=\"font-weight: 400\">H\u0259r n\u00f6v m\u0259hsullar \u00fc\u00e7\u00fcn m\u00f6vcuddur.<\/span><\/li><\/ul><h4><span style=\"font-weight: 400\">Kuryer il\u0259 ekspress \u00e7atd\u0131r\u0131lma<\/span><\/h4><ul><li><span style=\"font-weight: 400\">H\u0259min g\u00fcn \u0259rzind\u0259 \u00e7atd\u0131racay\u0131q.<\/span><span style=\"font-weight: 400\"><br \/><\/span><span style=\"font-weight: 400\">Sifari\u015f 15:00 kimi yerl\u0259\u015fdirdikd\u0259 h\u0259min g\u00fcn \u0259rzind\u0259 \u00e7atd\u0131r\u0131l\u0131r.<\/span><\/li><li><span style=\"font-weight: 400\">N\u00f6vb\u0259ti g\u00fcn \u0259rzind\u0259 \u00e7atd\u0131racay\u0131q.<\/span><span style=\"font-weight: 400\"><br \/><\/span><span style=\"font-weight: 400\">Sifari\u015f saat 15:00-dan sonra yerl\u0259\u015fdirilirs\u0259, n\u00f6vb\u0259ti g\u00fcn \u0259rzind\u0259 \u00e7atd\u0131r\u0131l\u0131r.<\/span><\/li><li><span style=\"font-weight: 400\">Ekspress \u00e7atd\u0131r\u0131lman\u0131n qiym\u0259tini sifari\u015fi yerl\u0259\u015fdir\u0259rk\u0259n g\u00f6rm\u0259k olur.<\/span><\/li><li><span style=\"font-weight: 400\">\u018fks\u0259r m\u0259hsul n\u00f6vl\u0259ri \u00fc\u00e7\u00fcn m\u00fcmk\u00fcnd\u00fcr<\/span><\/li><\/ul><h4><span style=\"font-weight: 400\">Ma\u011fazadan g\u00f6t\u00fcrd\u00fckd\u0259<\/span><\/h4><ul><li><span style=\"font-weight: 400\">10 kq-d\u0259k v\u0259 3000 \u20bc-d\u0259k<\/span><span style=\"font-weight: 400\"><br \/><\/span><span style=\"font-weight: 400\">\u00c7\u0259kisi 10 kq-d\u0259k v\u0259 qiym\u0259ti 3000 \u20bc-d\u0259k olan m\u0259hsullar \u00fc\u00e7\u00fcn m\u00f6vcuddur.<\/span><\/li><li><span style=\"font-weight: 400\">4 g\u00fcn \u0259rzind\u0259 g\u00f6t\u00fcr\u00fcn.<\/span><span style=\"font-weight: 400\"><br \/><\/span><span style=\"font-weight: 400\">Mallar t\u0259hvil m\u0259nt\u0259q\u0259sind\u0259 4 g\u00fcn\u0259 q\u0259d\u0259r saxlan\u0131l\u0131r, bu m\u00fcdd\u0259t \u0259rzind\u0259 g\u00f6t\u00fcr\u00fclm\u0259diyi t\u0259dqird\u0259, sifari\u015f l\u0259\u011fv edilir<\/span><\/li><li><span style=\"font-weight: 400\">\u00a0<\/span><\/li><\/ul><h4><span style=\"font-weight: 400\">Az\u0259rpo\u00e7t \u015f\u00f6b\u0259l\u0259rin\u0259 \u00e7atd\u0131r\u0131lma<\/span><\/h4><ul><li><span style=\"font-weight: 400\">30 kq-d\u0259k<\/span><span style=\"font-weight: 400\"><br \/><\/span><span style=\"font-weight: 400\">\u00c7\u0259kisi 30 kq-d\u0259k olan m\u0259hsullar \u00fc\u00e7\u00fcn<\/span><\/li><li><span style=\"font-weight: 400\">Az\u0259rbaycan\u0131n b\u00fct\u00fcn \u0259razisi \u00fczr\u0259 yerl\u0259\u015f\u0259n \u015f\u00f6b\u0259l\u0259r\u0259 \u00e7atd\u0131r\u0131lma<\/span><span style=\"font-weight: 400\"><br \/><\/span><span style=\"font-weight: 400\">Bak\u0131 v\u0259 Sumqay\u0131t istisna olmaqla<\/span><\/li><li><a href=\"https:\/\/umico.az\/refund-pudo-azerpoct\"><span style=\"font-weight: 400\">Geri qaytar\u0131lma<\/span><\/a><span style=\"font-weight: 400\"> imkan\u0131 il\u0259<\/span><\/li><\/ul><p><span style=\"font-weight: 400\">BENO-da a\u015fa\u011f\u0131da qeyd olunan \u00e7atd\u0131r\u0131lma \u00fcsullar\u0131 m\u00f6vcuddur:<\/span><\/p><p><span style=\"font-weight: 400\">Kuryer il\u0259 planl\u0131 \u00e7atd\u0131r\u0131lma<\/span><\/p><ul><li><span style=\"font-weight: 400\">Pulsuz<\/span><span style=\"font-weight: 400\"><br \/><\/span><span style=\"font-weight: 400\">M\u0259bl\u0259\u011fi 100 \u20bc-d\u0259n yuxar\u0131 olan b\u00fct\u00fcn sifari\u015fl\u0259r \u00fc\u00e7\u00fcn.<\/span><\/li><li><span style=\"font-weight: 400\">Uy\u011fun g\u00fcnd\u0259<\/span><span style=\"font-weight: 400\"><br \/><\/span><span style=\"font-weight: 400\">Sifari\u015fi yerl\u0259\u015fdir\u0259rk\u0259n, siz\u0259 uy\u011fun olan \u00e7atd\u0131r\u0131lma g\u00fcn\u00fcn\u00fc se\u00e7\u0259 bil\u0259rsiniz.<\/span><\/li><li><span style=\"font-weight: 400\">Uy\u011fun vaxtda<\/span><span style=\"font-weight: 400\"><br \/><\/span><span style=\"font-weight: 400\">\u00c7atd\u0131r\u0131lma saat 9:00-dan saat 21:00-d\u0259k h\u0259yata ke\u00e7irilir. \u018fm\u0259kda\u015flar\u0131m\u0131z uy\u011fun \u00e7atd\u0131r\u0131lma vaxt\u0131n\u0131 se\u00e7m\u0259k \u00fc\u00e7\u00fcn sizinl\u0259 \u0259laq\u0259 saxl\u0131yacaq.<\/span><\/li><li><span style=\"font-weight: 400\">H\u0259r n\u00f6v m\u0259hsullar \u00fc\u00e7\u00fcn m\u00f6vcuddur.<\/span><\/li><\/ul><p><span style=\"font-weight: 400\">\u00a0<\/span><\/p><h4><span style=\"font-weight: 400\">Kuryer il\u0259 ekspress \u00e7atd\u0131r\u0131lma<\/span><\/h4><ul><li><span style=\"font-weight: 400\">H\u0259min g\u00fcn \u0259rzind\u0259 \u00e7atd\u0131racay\u0131q.<\/span><span style=\"font-weight: 400\"><br \/><\/span><span style=\"font-weight: 400\">Sifari\u015f 15:00 kimi yerl\u0259\u015fdirdikd\u0259 h\u0259min g\u00fcn \u0259rzind\u0259 \u00e7atd\u0131r\u0131l\u0131r.<\/span><\/li><li><span style=\"font-weight: 400\">N\u00f6vb\u0259ti g\u00fcn \u0259rzind\u0259 \u00e7atd\u0131racay\u0131q.<\/span><span style=\"font-weight: 400\"><br \/><\/span><span style=\"font-weight: 400\">Sifari\u015f saat 15:00-dan sonra yerl\u0259\u015fdirilirs\u0259, n\u00f6vb\u0259ti g\u00fcn \u0259rzind\u0259 \u00e7atd\u0131r\u0131l\u0131r.<\/span><\/li><li><span style=\"font-weight: 400\">Ekspress \u00e7atd\u0131r\u0131lman\u0131n qiym\u0259tini sifari\u015fi yerl\u0259\u015fdir\u0259rk\u0259n g\u00f6rm\u0259k olur.<\/span><\/li><li><span style=\"font-weight: 400\">\u018fks\u0259r m\u0259hsul n\u00f6vl\u0259ri \u00fc\u00e7\u00fcn m\u00fcmk\u00fcnd\u00fcr<\/span><\/li><\/ul><p><span style=\"font-weight: 400\">Ki\u00e7ik \u0259\u015fyalar<\/span><\/p><p><span style=\"font-weight: 400\">Standart \u00e7atd\u0131r\u0131lma 24 saat i\u015f g\u00fcn\u00fc \u0259rzind\u0259 \u00e7atd\u0131r\u0131l\u0131r<\/span><\/p>\u00a0<p><span style=\"font-weight: 400\">40 AZN-d\u0259n yuxar\u0131 al\u0131\u015f veri\u015f\u0259 \u00e7atd\u0131r\u0131lma:<\/span><\/p><p><span style=\"font-weight: 400\">Pulsuz<\/span><\/p><p><span style=\"font-weight: 400\">Bak\u0131 k\u0259ndl\u0259ri v\u0259 bak\u0131 \u0259traf\u0131 \u00e7atdr\u0131lma:<\/span><\/p><p><span style=\"font-weight: 400\">\u20bc5<\/span><\/p><p><span style=\"font-weight: 400\">Rayonlara \u00e7atd\u0131r\u0131lma<\/span><\/p><p><span style=\"font-weight: 400\">\u20bc6<\/span><\/p><p>\u00a0<\/p><p><span style=\"font-weight: 400\">T\u00fcrkiy\u0259y\u0259 3-5 i\u015f g\u00fcn\u00fc \u0259rzind\u0259 \u00e7atdr\u0131lma<\/span><\/p>\u00a0<p><span style=\"font-weight: 400\">Standart kargo 1 kg<\/span><\/p><p><span style=\"font-weight: 400\">\u20bc6<\/span><\/p><p><span style=\"font-weight: 400\">S\u00fcr\u0259tli kargo il\u0259 \u00e7atd\u0131r\u0131lma 1 kg<\/span><\/p><p><span style=\"font-weight: 400\">\u20bc50<\/span><\/p><p><span style=\"font-weight: 400\">Mallar\u0131n d\u0259yi\u015fdirilm\u0259si v\u0259 ya qaytar\u0131lmas\u0131<\/span><\/p><p><span style=\"font-weight: 400\">M\u0259hsul keyfiyy\u0259tli olarsa, al\u0131c\u0131 onun icras\u0131ndan sonra 14 g\u00fcn \u0259rzind\u0259 m\u0259saf\u0259d\u0259n ba\u011flanm\u0131\u015f m\u00fcqavil\u0259ni pozmaq h\u00fcququna malikdir.<\/span><\/p><p><span style=\"font-weight: 400\">M\u00fcqavil\u0259ni l\u0259\u011fv etm\u0259k h\u00fcququnun qorunub saxlanmas\u0131 \u00fc\u00e7\u00fcn istehlak\u00e7\u0131 m\u0259hsullar\u0131n orijinal v\u0259ziyy\u0259tind\u0259 saxlanmas\u0131na n\u0259zar\u0259t etm\u0259lidir. Sifari\u015f\u00e7inin t\u0259qsiri olmadan cihaz xarab olarsa, xarab olarsa v\u0259 ya z\u0259d\u0259l\u0259n\u0259rs\u0259, m\u00fc\u015ft\u0259ri m\u00fcqavil\u0259ni l\u0259\u011fv etm\u0259k imkan\u0131ndan m\u0259hrum edilmir. \u018fg\u0259r m\u0259hsulun qabla\u015fd\u0131r\u0131lmas\u0131 v\u0259 ya funksionall\u0131\u011f\u0131n\u0131n yoxlan\u0131lmas\u0131 s\u0259b\u0259bind\u0259n d\u0259y\u0259r azal\u0131bsa, bu o dem\u0259k deyil ki, istehlak\u00e7\u0131 pulun geri qaytar\u0131lmas\u0131 \u00fc\u00e7\u00fcn sor\u011fu yaza bilm\u0259z.<\/span><\/p><p><span style=\"font-weight: 400\">Antaris QSC-d\u0259n online v\u0259 ya dig\u0259r formada al\u0131nan mallar\u0131n d\u0259yi\u015fdirilm\u0259si\/geri qaytar\u0131lmas\u0131 qaydalar\u0131 a\u015fa\u011f\u0131dak\u0131 kimidir:<\/span><\/p><ol><li><span style=\"font-weight: 400\">Geri qaytar\u0131lmas\u0131 qada\u011fan olunan mallar istisna olmaqla b\u00fct\u00fcn mallar Az\u0259rbaycan Respublikas\u0131n\u0131n \u0130stehlak\u00e7\u0131lar\u0131n h\u00fcquqlar\u0131n\u0131n m\u00fcdafi\u0259si haqq\u0131nda qanunun 15-ci madd\u0259sind\u0259 qeyd edildiyi \u015f\u0259rtl\u0259 14 g\u00fcn \u0259rzind\u0259 geri qaytar\u0131la bil\u0259r.<\/span><\/li><li><span style=\"font-weight: 400\">Mal t\u0259hvil al\u0131nan zaman m\u00fctl\u0259q \u015f\u0259kild\u0259 fiziki x\u00fcsusiyy\u0259tl\u0259ri, funksionall\u0131qlar\u0131 yoxlanmal\u0131d\u0131r, \u0259g\u0259r h\u0259r hans\u0131 irad varsa yerind\u0259 \u00e7atd\u0131r\u0131lman\u0131 ed\u0259n \u0259m\u0259kda\u015f\u0131m\u0131za bildirilm\u0259lidir,<\/span><\/li><li><span style=\"font-weight: 400\">Mal\u0131n qutusu (\u0259g\u0259r qutuda olan mald\u0131rsa) a\u00e7\u0131l\u0131bsa,<\/span><\/li><li><span style=\"font-weight: 400\">Mal istifad\u0259 edilmi\u015fdirs\u0259,<\/span><\/li><li><span style=\"font-weight: 400\">Mal\u0131n \u0259mt\u0259\u0259 g\u00f6r\u00fcn\u00fc\u015f\u00fc, istehlak x\u00fcsusiyy\u0259tl\u0259ri v\u0259 fiziki g\u00f6st\u0259ricil\u0259rd\u0259 defarmasiya olubsa,<\/span><\/li><li><span style=\"font-weight: 400\">Al\u0131\u015f v\u0259 \u00e7at\u0131d\u0131r\u0131lma zaman\u0131 t\u0259qdim olunan s\u0259n\u0259d (elektron v\u0259 ya adi s\u0259n\u0259d) saxlan\u0131bsa,<\/span><\/li><li><span style=\"font-weight: 400\">AR-n\u0131n NK-nin m\u00fcvafiq q\u0259rar\u0131nda siyah\u0131 hal\u0131nda d\u0259yi\u015fidirilm\u0259si\/geri qaytar\u0131lmas\u0131 edilm\u0259y\u0259n mallardan deyils\u0259,<\/span><\/li><li><span style=\"font-weight: 400\">Geri qaytar\u0131lma v\u0259 d\u0259yi\u015fdirilm\u0259 ancaq istehsal x\u0259tas\u0131na g\u00f6r\u0259 olan q\u00fcsurdursa v\u0259 ya bu q\u00fcsur t\u0259hvil t\u0259slim zaman\u0131 ortaya \u00e7\u0131xm\u0131\u015fd\u0131rsa bu zaman geri qaytarma\/d\u0259yi\u015fdirm\u0259 icra edilir.<\/span><\/li><li><span style=\"font-weight: 400\">Mal qaytar\u0131lan\/d\u0259yi\u015fdiril\u0259n zaman qabla\u015fd\u0131rmas\u0131, al\u0131\u015f s\u0259n\u0259dl\u0259ri v\u0259 aksesuarlar\u0131 (akseasuarlar\u0131 olan mald\u0131rsa) il\u0259 birlikd\u0259 verilm\u0259lidir.<\/span><\/li><\/ol><h4><span style=\"font-weight: 400\">\u00a0<\/span><\/h4><h4><span style=\"font-weight: 400\">Komponentl\u0259rd\u0259n \u0259n az\u0131 biri \u0259skik olduqda m\u0259hsul geri q\u0259bul edilmir:<\/span><\/h4><p><span style=\"font-weight: 400\">\u00a0<\/span><\/p><ul><li><span style=\"font-weight: 400\">tam t\u0259chiz olunmu\u015f avadanl\u0131q;<\/span><\/li><li><span style=\"font-weight: 400\">BENO onlayn ma\u011fazas\u0131nda al\u0131\u015f fakt\u0131n\u0131 s\u00fcbut ed\u0259n q\u0259bz;<\/span><\/li><li><span style=\"font-weight: 400\">z\u0259man\u0259t kart\u0131;<\/span><\/li><li><span style=\"font-weight: 400\">xidm\u0259t \u015f\u00f6b\u0259si t\u0259r\u0259find\u0259n t\u0259rtib edilmi\u015f q\u00fcsurun t\u0259sviri il\u0259 akt.<\/span><\/li><li><span style=\"font-weight: 400\">D\u0259ri m\u0259mulatlar\u0131<\/span><\/li><li><span style=\"font-weight: 400\">M\u0259kt\u0259b, h\u0259diyy\u0259lik, hobbi, ev \u0259\u015fyas\u0131 v\u0259 dig\u0259r f\u0259rdi istifad\u0259 mallar\u0131<\/span><\/li><li><span style=\"font-weight: 400\">B\u00fct\u00fcn n\u00f6v Gigiyena m\u0259hsullar\u0131<\/span><\/li><li><span style=\"font-weight: 400\">Sifari\u015f \u0259sas\u0131nda \u015f\u0259xs\u0259 \u00f6z\u0259l olaraq haz\u0131rlanm\u0131\u015f m\u0259hsullar<\/span><\/li><li><span style=\"font-weight: 400\">Hiss\u0259l\u0259rd\u0259n ibar\u0259t olaraq anbarda saxlan\u0131lan v\u0259 m\u00fc\u015ft\u0259rinin ist\u0259yi il\u0259 montaj edil\u0259r\u0259k m\u00fc\u015ft\u0259rinin ofisin\u0259 \u00e7atd\u0131rlan mallar (d\u0259mir dolablar, mebell\u0259r v\u0259 s.)<\/span><\/li><li><span style=\"font-weight: 400\">Seyf v\u0259 dig\u0259r bu tipd\u0259 kassa v\u0259 m\u00fchafiz\u0259 m\u0259qs\u0259dli mallar.<\/span><\/li><li><span style=\"font-weight: 400\">\u00a0<\/span><\/li><\/ul><p><span style=\"font-weight: 400\">Mallar\u0131n pulu q\u00fcvv\u0259d\u0259 olan qanunvericilikl\u0259 m\u00fc\u0259yy\u0259n edilmi\u015f m\u00fcdd\u0259tl\u0259rd\u0259 geri qaytar\u0131lacaqd\u0131r<\/span><\/p><p>\u00a0<\/p>\t\t\t\t<\/div>\n\t\t\t\t\t<\/div>\n\t\t\t\t\t\t<\/div>\n\t\t\t\t<\/div>\n\t\t\t\t<\/div>\n\t\t\t\t\t<\/div>\n\t\t\t\t<\/div>\n\t\t\t\t<\/div>","protected":false},"excerpt":{"rendered":"<p>\u00c7atd\u0131r\u0131lma v\u0259 qaytarma About Us FAQs \u0130stifad\u0259 \u015fertleri Filiallar Contact Us Show sidebar Catd\u0131r\u0131lma v\u0259 qaytarma Catd\u0131r\u0131lma v\u0259 Qaytarma 100<\/p>","protected":false},"author":14,"featured_media":0,"parent":0,"menu_order":0,"comment_status":"closed","ping_status":"closed","template":"","meta":{"footnotes":""},"class_list":["post-16679","page","type-page","status-publish","hentry"],"pure_taxonomies":[],"_links":{"self":[{"href":"https:\/\/www.beno.az\/ru\/wp-json\/wp\/v2\/pages\/16679","targetHints":{"allow":["GET"]}}],"collection":[{"href":"https:\/\/www.beno.az\/ru\/wp-json\/wp\/v2\/pages"}],"about":[{"href":"https:\/\/www.beno.az\/ru\/wp-json\/wp\/v2\/types\/page"}],"author":[{"embeddable":true,"href":"https:\/\/www.beno.az\/ru\/wp-json\/wp\/v2\/users\/14"}],"replies":[{"embeddable":true,"href":"https:\/\/www.beno.az\/ru\/wp-json\/wp\/v2\/comments?post=16679"}],"version-history":[{"count":6,"href":"https:\/\/www.beno.az\/ru\/wp-json\/wp\/v2\/pages\/16679\/revisions"}],"predecessor-version":[{"id":16958,"href":"https:\/\/www.beno.az\/ru\/wp-json\/wp\/v2\/pages\/16679\/revisions\/16958"}],"wp:attachment":[{"href":"https:\/\/www.beno.az\/ru\/wp-json\/wp\/v2\/media?parent=16679"}],"curies":[{"name":"wp","href":"https:\/\/api.w.org\/{rel}","templated":true}]}}